{"id":10082,"date":"2022-07-11T19:12:11","date_gmt":"2022-07-11T17:12:11","guid":{"rendered":"http:\/\/5.249.146.118\/?page_id=10082"},"modified":"2022-08-09T13:00:59","modified_gmt":"2022-08-09T11:00:59","slug":"privacy-policy","status":"publish","type":"page","link":"https:\/\/nuovi-lavori.it\/index.php\/privacy-policy\/","title":{"rendered":"Privacy Policy"},"content":{"rendered":"\t\t<div data-elementor-type=\"wp-page\" data-elementor-id=\"10082\" class=\"elementor elementor-10082\" data-elementor-post-type=\"page\">\n\t\t\t\t\t\t<section class=\"elementor-section elementor-top-section elementor-element elementor-element-5008597 elementor-section-height-min-height elementor-section-boxed elementor-section-height-default elementor-section-items-middle\" data-id=\"5008597\" data-element_type=\"section\" data-e-type=\"section\" data-settings=\"{&quot;background_background&quot;:&quot;classic&quot;}\">\n\t\t\t\t\t\t\t<div class=\"elementor-background-overlay\"><\/div>\n\t\t\t\t\t\t\t<div class=\"elementor-container elementor-column-gap-default\">\n\t\t\t\t\t<div class=\"elementor-column elementor-col-100 elementor-top-column elementor-element elementor-element-34b0aa5\" data-id=\"34b0aa5\" data-element_type=\"column\" data-e-type=\"column\">\n\t\t\t<div class=\"elementor-widget-wrap elementor-element-populated\">\n\t\t\t\t\t\t<div class=\"elementor-element elementor-element-d7dd456 elementor-widget elementor-widget-heading\" data-id=\"d7dd456\" data-element_type=\"widget\" data-e-type=\"widget\" data-widget_type=\"heading.default\">\n\t\t\t\t<div class=\"elementor-widget-container\">\n\t\t\t\t\t<h2 class=\"elementor-heading-title elementor-size-default\">Privacy Policy<\/h2>\t\t\t\t<\/div>\n\t\t\t\t<\/div>\n\t\t\t\t\t<\/div>\n\t\t<\/div>\n\t\t\t\t\t<\/div>\n\t\t<\/section>\n\t\t\t\t<section class=\"elementor-section elementor-top-section elementor-element elementor-element-688127e elementor-section-boxed elementor-section-height-default elementor-section-height-default\" data-id=\"688127e\" data-element_type=\"section\" data-e-type=\"section\">\n\t\t\t\t\t\t<div class=\"elementor-container elementor-column-gap-default\">\n\t\t\t\t\t<div class=\"elementor-column elementor-col-100 elementor-top-column elementor-element elementor-element-8656f20\" data-id=\"8656f20\" data-element_type=\"column\" data-e-type=\"column\">\n\t\t\t<div class=\"elementor-widget-wrap elementor-element-populated\">\n\t\t\t\t\t\t<div class=\"elementor-element elementor-element-4849434 elementor-widget elementor-widget-text-editor\" data-id=\"4849434\" data-element_type=\"widget\" data-e-type=\"widget\" data-widget_type=\"text-editor.default\">\n\t\t\t\t<div class=\"elementor-widget-container\">\n\t\t\t\t\t\t\t\t\t<p>In questa pagina vengono fornite le informazioni relative alle modalit\u00e0 di gestione dei tuoi dati personali attraverso il sito web www.nuovi-lavori.it ai sensi dell\u2019art. 13 del Regolamento (UE) n. 2016\/679.<\/p>\n<h3>&nbsp;<\/h3>\n<h3>Titolare del trattamento<\/h3>\n<p>Titolare del trattamento dei dati \u00e8 Associazione Nuovi Lavori, con sede in Via Piemonte, 32 Roma RM &#8211; 00187<span style=\"color: var( --e-global-color-38161a1 );\">, Italia email: info@nuovi-lavori.it.<\/span><\/p>\n<h3>&nbsp;<\/h3>\n<h3>Categoria dei dati trattati<\/h3>\n<p><strong>Dati personali<\/strong><br>I dati personali trattati sono raccolti in quanto forniti direttamente e volontariamente dall\u2019interessato:<\/p>\n<ul>\n<li>Indirizzi e-mail<\/li>\n<li>Altri eventuali dati forniti volontariamente dall\u2019utente<\/li>\n<\/ul>\n<div>&nbsp;<\/div>\n<p><strong>Dati di traffico telematico<\/strong><br>I dati di navigazione sono raccolti automaticamente, in particolare<span style=\"color: var( --e-global-color-text ); font-family: var( --e-global-typography-text-font-family ), Sans-serif; font-weight: var( --e-global-typography-text-font-weight ); font-size: 1rem;\">:<\/span><\/p>\n<ul>\n<li>gli indirizzi IP<\/li>\n<li>i nomi a dominio dei computer utilizzati dagli utenti che si connettono al sito<\/li>\n<li>gli indirizzi in notazione URI (Uniform Resource Identifier) delle risorse richieste<\/li>\n<li>l\u2019orario della richiesta<\/li>\n<li>il metodo utilizzato nel sottoporre la richiesta al server<\/li>\n<li>la dimensione del file ottenuto in risposta<\/li>\n<li>il codice numerico indicante lo stato della risposta data dal server (buon fine, errore, ecc.)<\/li>\n<li>altri parametri relativi al sistema operativo e all\u2019ambiente informatico dell\u2019utente.<\/li>\n<\/ul>\n<h3>&nbsp;<\/h3>\n<h3>Finalit\u00e0 del trattamento dei dati<\/h3>\n<div><b>1. Dati personali<\/b><\/div>\n<div><b>&nbsp;<\/b><\/div>\n<p><strong>Iscrizione anagrafica e gestione delle richieste di contatto e\/o di materiale informativo<\/strong><br>Il trattamento dei dati personali dell\u2019Interessato avviene per dar corso alle attivit\u00e0 preliminari e conseguenti alla richiesta di iscrizione alla newsletter, alla gestione delle richieste di informazioni e di contatto e\/o di invio di materiale informativo, nonch\u00e9 per l\u2019adempimento di ogni altro obbligo derivante.<br>Base giuridica di tale trattamento \u00e8 l\u2019adempimento delle prestazioni inerenti alla richiesta di informazioni e di contatto e\/o di invio di materiale informativo ed il rispetto di obblighi di legge. Il conferimento dei dati \u00e8 facoltativo, tuttavia l\u2019eventuale rifiuto dell\u2019Interessato a fornire i dati comporta l\u2019impossibilit\u00e0 per il Titolare di dare seguito alla prestazione richiesta.<\/p>\n<p><\/p>\n<p><b>2. Dati di traffico telematico<\/b><\/p>\n<p>I sistemi informatici e le procedure software preposte al funzionamento di questo sito web acquisiscono, nel corso del loro normale esercizio, i dati di traffico telematico la cui trasmissione \u00e8 implicita nell\u2019uso dei protocolli di comunicazione di Internet. Si tratta di informazioni che non sono raccolte per essere associate a interessati identificati, ma che per loro stessa natura potrebbero, attraverso elaborazioni ed associazioni con dati detenuti da terzi, permettere di identificare gli utenti. Questi dati vengono utilizzati al solo fine di ricavare informazioni statistiche anonime sull\u2019uso del sito e per controllarne il corretto funzionamento. I dati potrebbero essere utilizzati per l\u2019accertamento di responsabilit\u00e0 in caso di ipotetici reati informatici ai danni del sito.<\/p>\n<h3>&nbsp;<\/h3>\n<h3>Comunicazione, diffusione e luogo del trattamento dei dati<\/h3>\n<p>Nessun dato personale acquisito tramite il sito web cui attiene questa informativa viene comunicato o diffuso&nbsp;(intendendosi per tale, il dare conoscenza di dati personali a soggetti indeterminati, in qualunque forma, anche mediante la loro messa a disposizione o consultazione).<\/p>\n<p>I dati personali forniti dagli utenti che inoltrano richieste di invio di materiale informativo, curriculum vitae o altro materiale sono utilizzati al solo fine di eseguire il servizio o la prestazione richiesta e sono comunicati a terzi solo nel caso in cui ci\u00f2 sia necessario ai fini di legge o sia necessario per erogare il servizio richiesto.<\/p>\n<h3>&nbsp;<\/h3>\n<h3>Modalit\u00e0 del trattamento<\/h3>\n<p>Il trattamento dei dati avviene mediante strumenti manuali, informatici e telematici e nel rispetto delle misure necessarie prescritte dalla normativa di riferimento, volte ad assicurare la riservatezza, l\u2019integrit\u00e0 e la disponibilit\u00e0 dei Dati, nonch\u00e9 ad evitare danni, siano essi materiali o immateriali.<\/p>\n<h3>&nbsp;<\/h3>\n<h3>Tempi di conservazione dei dati<\/h3>\n<p>I dati personali sono trattati per il tempo strettamente necessario a conseguire gli scopi per cui sono stati raccolti, prevedendo in ogni caso la verifica annuale dei dati conservati al fine di cancellare quelli ritenuti obsoleti, salvo che la legge non preveda obblighi di archiviazione.<br>Specifiche misure di sicurezza sono osservate per prevenire la perdita dei dati, usi illeciti o non corretti ed accessi non autorizzati.<\/p>\n<h3>&nbsp;<\/h3>\n<h3>Diritti degli interessati<\/h3>\n<p>Gli Interessati potranno, in qualunque momento, esercitare i diritti e le prerogative loro riservate dagli art. 15-22 del Reg. UE 679\/2016, quali, ad es., quelle di ottenere la conferma dell\u2019esistenza o meno dei medesimi loro dati personali negli archivi del titolare, e di conoscerne il contenuto e l\u2019origine, verificarne l\u2019esattezza o chiederne l\u2019integrazione o l\u2019aggiornamento, oppure la rettificazione.<br>Ai sensi del medesimo articolo ad ogni Interessato sono, altres\u00ec, riservati il diritto di chiedere: la cancellazione, la trasformazione in forma anonima o il blocco dei dati trattati in violazione di legge, nonch\u00e9 di opporsi in ogni caso, per motivi legittimi, al loro trattamento. Le richieste potranno essere rivolte al Titolare del trattamento senza particolari formalit\u00e0 utilizzando preferibilmente i recapiti indicati sopra, alla voce \u201cTitolare del trattamento\u201d.<\/p>\n<h3>&nbsp;<\/h3>\n<h3>Aggiornamenti e modifiche<\/h3>\n<p>Associazione Nuovi Lavori si riserva il diritto di modificare, integrare o aggiornare periodicamente la presente Informativa in ossequio alla normativa applicabile o ai provvedimenti adottati dal Garante per la Protezione dei dati personali.<br>Le suddette modifiche o integrazioni saranno portate a conoscenza degli interessati mediante link alla pagina di Privacy Policy presente nel sito web. Invitiamo gli utenti a prendere visione della Privacy Policy con regolarit\u00e0, per verificare l\u2019Informativa aggiornata e decidere se continuare o meno ad usufruire dei servizi offerti.<\/p>\t\t\t\t\t\t\t\t<\/div>\n\t\t\t\t<\/div>\n\t\t\t\t\t<\/div>\n\t\t<\/div>\n\t\t\t\t\t<\/div>\n\t\t<\/section>\n\t\t\t\t<\/div>\n\t\t","protected":false},"excerpt":{"rendered":"<p>Privacy Policy In questa pagina vengono fornite le informazioni relative alle modalit\u00e0 di gestione dei tuoi dati personali attraverso il sito web www.nuovi-lavori.it ai sensi dell\u2019art. 13 del Regolamento (UE) n. 2016\/679. &nbsp; Titolare del trattamento Titolare del trattamento dei dati \u00e8 Associazione Nuovi Lavori, con sede in Via Piemonte, 32 Roma RM &#8211; 00187, [&hellip;]<\/p>\n","protected":false},"author":1,"featured_media":0,"parent":0,"menu_order":0,"comment_status":"closed","ping_status":"closed","template":"","meta":{"footnotes":""},"class_list":["post-10082","page","type-page","status-publish","hentry"],"yoast_head":"<!-- This site is optimized with the Yoast SEO plugin v27.4 - https:\/\/yoast.com\/product\/yoast-seo-wordpress\/ -->\n<title>Privacy Policy - Nuovi Lavori<\/title>\n<meta name=\"robots\" content=\"index, follow, max-snippet:-1, max-image-preview:large, max-video-preview:-1\" \/>\n<link rel=\"canonical\" href=\"https:\/\/nuovi-lavori.it\/index.php\/privacy-policy\/\" \/>\n<meta property=\"og:locale\" content=\"it_IT\" \/>\n<meta property=\"og:type\" content=\"article\" \/>\n<meta property=\"og:title\" content=\"Privacy Policy - Nuovi Lavori\" \/>\n<meta property=\"og:description\" content=\"Privacy Policy In questa pagina vengono fornite le informazioni relative alle modalit\u00e0 di gestione dei tuoi dati personali attraverso il sito web www.nuovi-lavori.it ai sensi dell\u2019art. 13 del Regolamento (UE) n. 2016\/679. &nbsp; Titolare del trattamento Titolare del trattamento dei dati \u00e8 Associazione Nuovi Lavori, con sede in Via Piemonte, 32 Roma RM &#8211; 00187, [&hellip;]\" \/>\n<meta property=\"og:url\" content=\"https:\/\/nuovi-lavori.it\/index.php\/privacy-policy\/\" \/>\n<meta property=\"og:site_name\" content=\"Nuovi Lavori\" \/>\n<meta property=\"article:modified_time\" content=\"2022-08-09T11:00:59+00:00\" \/>\n<meta name=\"twitter:card\" content=\"summary_large_image\" \/>\n<meta name=\"twitter:label1\" content=\"Tempo di lettura stimato\" \/>\n\t<meta name=\"twitter:data1\" content=\"5 minuti\" \/>\n<script type=\"application\/ld+json\" class=\"yoast-schema-graph\">{\"@context\":\"https:\\\/\\\/schema.org\",\"@graph\":[{\"@type\":\"WebPage\",\"@id\":\"https:\\\/\\\/nuovi-lavori.it\\\/index.php\\\/privacy-policy\\\/\",\"url\":\"https:\\\/\\\/nuovi-lavori.it\\\/index.php\\\/privacy-policy\\\/\",\"name\":\"Privacy Policy - Nuovi Lavori\",\"isPartOf\":{\"@id\":\"https:\\\/\\\/nuovi-lavori.it\\\/#website\"},\"datePublished\":\"2022-07-11T17:12:11+00:00\",\"dateModified\":\"2022-08-09T11:00:59+00:00\",\"breadcrumb\":{\"@id\":\"https:\\\/\\\/nuovi-lavori.it\\\/index.php\\\/privacy-policy\\\/#breadcrumb\"},\"inLanguage\":\"it-IT\",\"potentialAction\":[{\"@type\":\"ReadAction\",\"target\":[\"https:\\\/\\\/nuovi-lavori.it\\\/index.php\\\/privacy-policy\\\/\"]}]},{\"@type\":\"BreadcrumbList\",\"@id\":\"https:\\\/\\\/nuovi-lavori.it\\\/index.php\\\/privacy-policy\\\/#breadcrumb\",\"itemListElement\":[{\"@type\":\"ListItem\",\"position\":1,\"name\":\"Home\",\"item\":\"https:\\\/\\\/nuovi-lavori.it\\\/\"},{\"@type\":\"ListItem\",\"position\":2,\"name\":\"Privacy Policy\"}]},{\"@type\":\"WebSite\",\"@id\":\"https:\\\/\\\/nuovi-lavori.it\\\/#website\",\"url\":\"https:\\\/\\\/nuovi-lavori.it\\\/\",\"name\":\"Nuovi Lavori\",\"description\":\"\",\"publisher\":{\"@id\":\"https:\\\/\\\/nuovi-lavori.it\\\/#organization\"},\"potentialAction\":[{\"@type\":\"SearchAction\",\"target\":{\"@type\":\"EntryPoint\",\"urlTemplate\":\"https:\\\/\\\/nuovi-lavori.it\\\/?s={search_term_string}\"},\"query-input\":{\"@type\":\"PropertyValueSpecification\",\"valueRequired\":true,\"valueName\":\"search_term_string\"}}],\"inLanguage\":\"it-IT\"},{\"@type\":\"Organization\",\"@id\":\"https:\\\/\\\/nuovi-lavori.it\\\/#organization\",\"name\":\"Nuovi Lavori\",\"url\":\"https:\\\/\\\/nuovi-lavori.it\\\/\",\"logo\":{\"@type\":\"ImageObject\",\"inLanguage\":\"it-IT\",\"@id\":\"https:\\\/\\\/nuovi-lavori.it\\\/#\\\/schema\\\/logo\\\/image\\\/\",\"url\":\"http:\\\/\\\/5.249.146.118\\\/wp-content\\\/uploads\\\/2013\\\/11\\\/images_logonl.jpg\",\"contentUrl\":\"http:\\\/\\\/5.249.146.118\\\/wp-content\\\/uploads\\\/2013\\\/11\\\/images_logonl.jpg\",\"width\":400,\"height\":327,\"caption\":\"Nuovi Lavori\"},\"image\":{\"@id\":\"https:\\\/\\\/nuovi-lavori.it\\\/#\\\/schema\\\/logo\\\/image\\\/\"},\"sameAs\":[\"https:\\\/\\\/www.youtube.com\\\/user\\\/newsletteranl\"]}]}<\/script>\n<!-- \/ Yoast SEO plugin. -->","yoast_head_json":{"title":"Privacy Policy - Nuovi Lavori","robots":{"index":"index","follow":"follow","max-snippet":"max-snippet:-1","max-image-preview":"max-image-preview:large","max-video-preview":"max-video-preview:-1"},"canonical":"https:\/\/nuovi-lavori.it\/index.php\/privacy-policy\/","og_locale":"it_IT","og_type":"article","og_title":"Privacy Policy - Nuovi Lavori","og_description":"Privacy Policy In questa pagina vengono fornite le informazioni relative alle modalit\u00e0 di gestione dei tuoi dati personali attraverso il sito web www.nuovi-lavori.it ai sensi dell\u2019art. 13 del Regolamento (UE) n. 2016\/679. &nbsp; Titolare del trattamento Titolare del trattamento dei dati \u00e8 Associazione Nuovi Lavori, con sede in Via Piemonte, 32 Roma RM &#8211; 00187, [&hellip;]","og_url":"https:\/\/nuovi-lavori.it\/index.php\/privacy-policy\/","og_site_name":"Nuovi Lavori","article_modified_time":"2022-08-09T11:00:59+00:00","twitter_card":"summary_large_image","twitter_misc":{"Tempo di lettura stimato":"5 minuti"},"schema":{"@context":"https:\/\/schema.org","@graph":[{"@type":"WebPage","@id":"https:\/\/nuovi-lavori.it\/index.php\/privacy-policy\/","url":"https:\/\/nuovi-lavori.it\/index.php\/privacy-policy\/","name":"Privacy Policy - Nuovi Lavori","isPartOf":{"@id":"https:\/\/nuovi-lavori.it\/#website"},"datePublished":"2022-07-11T17:12:11+00:00","dateModified":"2022-08-09T11:00:59+00:00","breadcrumb":{"@id":"https:\/\/nuovi-lavori.it\/index.php\/privacy-policy\/#breadcrumb"},"inLanguage":"it-IT","potentialAction":[{"@type":"ReadAction","target":["https:\/\/nuovi-lavori.it\/index.php\/privacy-policy\/"]}]},{"@type":"BreadcrumbList","@id":"https:\/\/nuovi-lavori.it\/index.php\/privacy-policy\/#breadcrumb","itemListElement":[{"@type":"ListItem","position":1,"name":"Home","item":"https:\/\/nuovi-lavori.it\/"},{"@type":"ListItem","position":2,"name":"Privacy Policy"}]},{"@type":"WebSite","@id":"https:\/\/nuovi-lavori.it\/#website","url":"https:\/\/nuovi-lavori.it\/","name":"Nuovi Lavori","description":"","publisher":{"@id":"https:\/\/nuovi-lavori.it\/#organization"},"potentialAction":[{"@type":"SearchAction","target":{"@type":"EntryPoint","urlTemplate":"https:\/\/nuovi-lavori.it\/?s={search_term_string}"},"query-input":{"@type":"PropertyValueSpecification","valueRequired":true,"valueName":"search_term_string"}}],"inLanguage":"it-IT"},{"@type":"Organization","@id":"https:\/\/nuovi-lavori.it\/#organization","name":"Nuovi Lavori","url":"https:\/\/nuovi-lavori.it\/","logo":{"@type":"ImageObject","inLanguage":"it-IT","@id":"https:\/\/nuovi-lavori.it\/#\/schema\/logo\/image\/","url":"http:\/\/5.249.146.118\/wp-content\/uploads\/2013\/11\/images_logonl.jpg","contentUrl":"http:\/\/5.249.146.118\/wp-content\/uploads\/2013\/11\/images_logonl.jpg","width":400,"height":327,"caption":"Nuovi Lavori"},"image":{"@id":"https:\/\/nuovi-lavori.it\/#\/schema\/logo\/image\/"},"sameAs":["https:\/\/www.youtube.com\/user\/newsletteranl"]}]}},"_links":{"self":[{"href":"https:\/\/nuovi-lavori.it\/index.php\/wp-json\/wp\/v2\/pages\/10082","targetHints":{"allow":["GET"]}}],"collection":[{"href":"https:\/\/nuovi-lavori.it\/index.php\/wp-json\/wp\/v2\/pages"}],"about":[{"href":"https:\/\/nuovi-lavori.it\/index.php\/wp-json\/wp\/v2\/types\/page"}],"author":[{"embeddable":true,"href":"https:\/\/nuovi-lavori.it\/index.php\/wp-json\/wp\/v2\/users\/1"}],"replies":[{"embeddable":true,"href":"https:\/\/nuovi-lavori.it\/index.php\/wp-json\/wp\/v2\/comments?post=10082"}],"version-history":[{"count":43,"href":"https:\/\/nuovi-lavori.it\/index.php\/wp-json\/wp\/v2\/pages\/10082\/revisions"}],"predecessor-version":[{"id":16123,"href":"https:\/\/nuovi-lavori.it\/index.php\/wp-json\/wp\/v2\/pages\/10082\/revisions\/16123"}],"wp:attachment":[{"href":"https:\/\/nuovi-lavori.it\/index.php\/wp-json\/wp\/v2\/media?parent=10082"}],"curies":[{"name":"wp","href":"https:\/\/api.w.org\/{rel}","templated":true}]}}