{"id":17919,"date":"2022-11-30T13:05:27","date_gmt":"2022-11-30T12:05:27","guid":{"rendered":"https:\/\/nuovi-lavori.it\/?page_id=17919"},"modified":"2022-11-30T13:09:40","modified_gmt":"2022-11-30T12:09:40","slug":"koine-chi-cosa-e-perche","status":"publish","type":"page","link":"https:\/\/nuovi-lavori.it\/index.php\/koine\/koine-chi-cosa-e-perche\/","title":{"rendered":"Chi Cosa e Perch\u00e9"},"content":{"rendered":"\t\t<div data-elementor-type=\"wp-page\" data-elementor-id=\"17919\" class=\"elementor elementor-17919\" data-elementor-post-type=\"page\">\n\t\t\t\t\t\t<section class=\"elementor-section elementor-top-section elementor-element elementor-element-c4ba0f1 elementor-section-height-min-height elementor-section-boxed elementor-section-height-default elementor-section-items-middle\" data-id=\"c4ba0f1\" data-element_type=\"section\" data-e-type=\"section\" data-settings=\"{&quot;background_background&quot;:&quot;classic&quot;}\">\n\t\t\t\t\t\t\t<div class=\"elementor-background-overlay\"><\/div>\n\t\t\t\t\t\t\t<div class=\"elementor-container elementor-column-gap-default\">\n\t\t\t\t\t<div class=\"elementor-column elementor-col-100 elementor-top-column elementor-element elementor-element-19150e1\" data-id=\"19150e1\" data-element_type=\"column\" data-e-type=\"column\">\n\t\t\t<div class=\"elementor-widget-wrap elementor-element-populated\">\n\t\t\t\t\t\t<div class=\"elementor-element elementor-element-7744940 elementor-widget elementor-widget-heading\" data-id=\"7744940\" data-element_type=\"widget\" data-e-type=\"widget\" data-widget_type=\"heading.default\">\n\t\t\t\t<div class=\"elementor-widget-container\">\n\t\t\t\t\t<h2 class=\"elementor-heading-title elementor-size-default\">Chi Cosa e Perch\u00e9<\/h2>\t\t\t\t<\/div>\n\t\t\t\t<\/div>\n\t\t\t\t\t<\/div>\n\t\t<\/div>\n\t\t\t\t\t<\/div>\n\t\t<\/section>\n\t\t\t\t<section class=\"elementor-section elementor-top-section elementor-element elementor-element-5d20e30 elementor-section-boxed elementor-section-height-default elementor-section-height-default\" data-id=\"5d20e30\" data-element_type=\"section\" data-e-type=\"section\">\n\t\t\t\t\t\t<div class=\"elementor-container elementor-column-gap-default\">\n\t\t\t\t\t<div class=\"elementor-column elementor-col-50 elementor-top-column elementor-element elementor-element-6b26e1b\" data-id=\"6b26e1b\" data-element_type=\"column\" data-e-type=\"column\">\n\t\t\t<div class=\"elementor-widget-wrap elementor-element-populated\">\n\t\t\t\t\t\t<div class=\"elementor-element elementor-element-d39d799 elementor-widget elementor-widget-heading\" data-id=\"d39d799\" data-element_type=\"widget\" data-e-type=\"widget\" data-widget_type=\"heading.default\">\n\t\t\t\t<div class=\"elementor-widget-container\">\n\t\t\t\t\t<h2 class=\"elementor-heading-title elementor-size-default\">Chi siamo<\/h2>\t\t\t\t<\/div>\n\t\t\t\t<\/div>\n\t\t\t\t<div class=\"elementor-element elementor-element-4548e00 elementor-widget elementor-widget-text-editor\" data-id=\"4548e00\" data-element_type=\"widget\" data-e-type=\"widget\" data-widget_type=\"text-editor.default\">\n\t\t\t\t<div class=\"elementor-widget-container\">\n\t\t\t\t\t\t\t\t\t<p>Siamo un gruppo di persone largamente accomunate dalla volont\u00e0 di dare un contributo utile affinch\u00e8 il lavoro continui ad essere per tutti un fattore di dignit\u00e0 e benessere. Ciascuno di noi rappresenta s\u00e9 stesso, oltre che la storia e l\u2019impegno personali.<\/p><p><span style=\"color: var( --e-global-color-38161a1 );\">I soci promotori dell\u2019Associazione Koin\u00e8 sono:<\/span><\/p><p><span style=\"color: var( --e-global-color-38161a1 );\"><b>Lea Battistoni, Giorgio Benvenuto, Carlo Borgomeo, Cecilia Brighi, Pierre Carniti, Cristiano Ceresani, Mario Colombo, Fulvio Fammoni, \u00a0Giuseppe Farina, Carlo Ghezzi, Franco Liso, Franco Lotito, Enzo Mattina, Luigi Mazzillo, Agostio Megale, Stefano Micossi, Silvano Miniati, Raffaele Morese (Presidente), Edo Patriarca, Gianni Principe, Livia Ricciardi<\/b>.<\/span><\/p>\t\t\t\t\t\t\t\t<\/div>\n\t\t\t\t<\/div>\n\t\t\t\t<div class=\"elementor-element elementor-element-a8ba661 elementor-widget elementor-widget-heading\" data-id=\"a8ba661\" data-element_type=\"widget\" data-e-type=\"widget\" data-widget_type=\"heading.default\">\n\t\t\t\t<div class=\"elementor-widget-container\">\n\t\t\t\t\t<h2 class=\"elementor-heading-title elementor-size-default\">Perch\u00e9<\/h2>\t\t\t\t<\/div>\n\t\t\t\t<\/div>\n\t\t\t\t<div class=\"elementor-element elementor-element-d596969 elementor-widget elementor-widget-text-editor\" data-id=\"d596969\" data-element_type=\"widget\" data-e-type=\"widget\" data-widget_type=\"text-editor.default\">\n\t\t\t\t<div class=\"elementor-widget-container\">\n\t\t\t\t\t\t\t\t\t<p>L&#8217; intento dell\u2019Associazione \u00e8 di realizzare ricerche e studi che favoriscano le visioni di medio e lungo periodo dell\u2019evoluzione del lavoro nelle societ\u00e0 globalizzate. Ovviamente, le tendenze di pi\u00f9 breve periodo non possono non essere prese in considerazione, ma senza una visione \u201clunga\u201d della qualit\u00e0 e della dimensione del lavoro, \u00e8 anche difficile governare le fasi pi\u00f9 ravvicinate.<\/p><p>Inoltre, l\u2019esigenza indagatoria \u00e8 ancora pi\u00f9 sollecitata dalle grandi trasformazioni che stanno subendo le allocazioni delle produzioni nel mondo,\u00a0 i sistemi d\u2019impresa, le strutture professionali del lavoro, le caratteristiche delle tipologie contrattuali, i modelli negoziali ed organizzativi delle rappresentanze delle parti sociali. Tutto ci\u00f2, \u00e8 ulteriormente sottoposto a scosse violente ed inedite dalla tempesta finanziaria che sta compromettendo la stabilit\u00e0 dei bilanci degli Stati e\u00a0 i fondamentali delle economie del mondo.<\/p><p><span style=\"color: var( --e-global-color-38161a1 );\">Infine, l\u2019Associazione vuole anche contribuire a rinforzare le reti e le relazioni che possono consentire ad idee di per s\u00e9 giuste e condivisibili, ma isolate, di acquisire la forza necessaria per imporsi nel confronto sociale e politico; di conseguenza, i promotori dell\u2019Associazione intendono creare le condizioni per un confronto tra quanti antepongono l\u2019interesse generale a quelli specifici, la solidariet\u00e0 all\u2019egoismo, l\u2019eticit\u00e0 dell\u2019essere alla convenienza dell\u2019apparire, la pratica della democrazia ai vantaggi della \u201cmediocrazia\u201d.\u00a0<\/span><\/p>\t\t\t\t\t\t\t\t<\/div>\n\t\t\t\t<\/div>\n\t\t\t\t<section class=\"elementor-section elementor-inner-section elementor-element elementor-element-4a2500b elementor-section-boxed elementor-section-height-default elementor-section-height-default\" data-id=\"4a2500b\" data-element_type=\"section\" data-e-type=\"section\">\n\t\t\t\t\t\t<div class=\"elementor-container elementor-column-gap-default\">\n\t\t\t\t\t<div class=\"elementor-column elementor-col-50 elementor-inner-column elementor-element elementor-element-d165422\" data-id=\"d165422\" data-element_type=\"column\" data-e-type=\"column\">\n\t\t\t<div class=\"elementor-widget-wrap elementor-element-populated\">\n\t\t\t\t\t\t<div class=\"elementor-element elementor-element-8c2b073 elementor-widget elementor-widget-author-box\" data-id=\"8c2b073\" data-element_type=\"widget\" data-e-type=\"widget\" data-widget_type=\"author-box.default\">\n\t\t\t\t<div class=\"elementor-widget-container\">\n\t\t\t\t\t\t\t<div class=\"elementor-author-box\">\n\t\t\t\t\t\t\t<div  class=\"elementor-author-box__avatar\">\n\t\t\t\t\t<img decoding=\"async\" src=\"https:\/\/nuovi-lavori.it\/wp-content\/uploads\/2022\/07\/images_organigramma_raffaelemorese-200x300.png\" alt=\"Immagine di Raffaele Morese\" loading=\"lazy\">\n\t\t\t\t<\/div>\n\t\t\t\n\t\t\t<div class=\"elementor-author-box__text\">\n\t\t\t\t\t\t\t\t\t<div >\n\t\t\t\t\t\t<h4 class=\"elementor-author-box__name\">\n\t\t\t\t\t\t\tRaffaele Morese\t\t\t\t\t\t<\/h4>\n\t\t\t\t\t<\/div>\n\t\t\t\t\n\t\t\t\t\t\t\t\t\t<div class=\"elementor-author-box__bio\">\n\t\t\t\t\t\t<p>Presidente<\/p>\n\t\t\t\t\t<\/div>\n\t\t\t\t\n\t\t\t\t\t\t\t<\/div>\n\t\t<\/div>\n\t\t\t\t\t\t<\/div>\n\t\t\t\t<\/div>\n\t\t\t\t<div class=\"elementor-element elementor-element-252f6b4 elementor-widget elementor-widget-author-box\" data-id=\"252f6b4\" data-element_type=\"widget\" data-e-type=\"widget\" data-widget_type=\"author-box.default\">\n\t\t\t\t<div class=\"elementor-widget-container\">\n\t\t\t\t\t\t\t<div class=\"elementor-author-box\">\n\t\t\t\t\t\t\t<div  class=\"elementor-author-box__avatar\">\n\t\t\t\t\t<img decoding=\"async\" src=\"https:\/\/nuovi-lavori.it\/wp-content\/uploads\/2022\/07\/images_organigramma_marinolizza-200x300.png\" alt=\"Immagine di Marino Lizza\" loading=\"lazy\">\n\t\t\t\t<\/div>\n\t\t\t\n\t\t\t<div class=\"elementor-author-box__text\">\n\t\t\t\t\t\t\t\t\t<div >\n\t\t\t\t\t\t<h4 class=\"elementor-author-box__name\">\n\t\t\t\t\t\t\tMarino Lizza\t\t\t\t\t\t<\/h4>\n\t\t\t\t\t<\/div>\n\t\t\t\t\n\t\t\t\t\t\t\t\t\t<div class=\"elementor-author-box__bio\">\n\t\t\t\t\t\t<p>Direttore<\/p>\n\t\t\t\t\t<\/div>\n\t\t\t\t\n\t\t\t\t\t\t\t<\/div>\n\t\t<\/div>\n\t\t\t\t\t\t<\/div>\n\t\t\t\t<\/div>\n\t\t\t\t\t<\/div>\n\t\t<\/div>\n\t\t\t\t<div class=\"elementor-column elementor-col-50 elementor-inner-column elementor-element elementor-element-74930fb\" data-id=\"74930fb\" data-element_type=\"column\" data-e-type=\"column\">\n\t\t\t<div class=\"elementor-widget-wrap elementor-element-populated\">\n\t\t\t\t\t\t<div class=\"elementor-element elementor-element-f839e0e elementor-align-center elementor-widget elementor-widget-button\" data-id=\"f839e0e\" data-element_type=\"widget\" data-e-type=\"widget\" data-widget_type=\"button.default\">\n\t\t\t\t<div class=\"elementor-widget-container\">\n\t\t\t\t\t\t\t\t\t<div class=\"elementor-button-wrapper\">\n\t\t\t\t\t<a class=\"elementor-button elementor-button-link elementor-size-sm\" href=\"https:\/\/nuovi-lavori.it\/index.php\/download\/statuto-koine\/\">\n\t\t\t\t\t\t<span class=\"elementor-button-content-wrapper\">\n\t\t\t\t\t\t\t\t\t<span class=\"elementor-button-text\">Scarica lo statuto<\/span>\n\t\t\t\t\t<\/span>\n\t\t\t\t\t<\/a>\n\t\t\t\t<\/div>\n\t\t\t\t\t\t\t\t<\/div>\n\t\t\t\t<\/div>\n\t\t\t\t\t<\/div>\n\t\t<\/div>\n\t\t\t\t\t<\/div>\n\t\t<\/section>\n\t\t\t\t<div class=\"elementor-element elementor-element-718b66a elementor-widget elementor-widget-spacer\" data-id=\"718b66a\" data-element_type=\"widget\" data-e-type=\"widget\" data-widget_type=\"spacer.default\">\n\t\t\t\t<div class=\"elementor-widget-container\">\n\t\t\t\t\t\t\t<div class=\"elementor-spacer\">\n\t\t\t<div class=\"elementor-spacer-inner\"><\/div>\n\t\t<\/div>\n\t\t\t\t\t\t<\/div>\n\t\t\t\t<\/div>\n\t\t\t\t\t<\/div>\n\t\t<\/div>\n\t\t\t\t<div class=\"elementor-column elementor-col-50 elementor-top-column elementor-element elementor-element-ae86e5b\" data-id=\"ae86e5b\" data-element_type=\"column\" data-e-type=\"column\">\n\t\t\t<div class=\"elementor-widget-wrap elementor-element-populated\">\n\t\t\t\t\t\t<div class=\"elementor-element elementor-element-065a682 elementor-search-form--skin-minimal elementor-widget elementor-widget-search-form\" data-id=\"065a682\" data-element_type=\"widget\" data-e-type=\"widget\" data-settings=\"{&quot;skin&quot;:&quot;minimal&quot;}\" data-widget_type=\"search-form.default\">\n\t\t\t\t<div class=\"elementor-widget-container\">\n\t\t\t\t\t\t\t<search role=\"search\">\n\t\t\t<form class=\"elementor-search-form\" action=\"https:\/\/nuovi-lavori.it\" method=\"get\">\n\t\t\t\t\t\t\t\t\t\t\t\t<div class=\"elementor-search-form__container\">\n\t\t\t\t\t<label class=\"elementor-screen-only\" for=\"elementor-search-form-065a682\">Cerca<\/label>\n\n\t\t\t\t\t\t\t\t\t\t\t<div class=\"elementor-search-form__icon\">\n\t\t\t\t\t\t\t<i aria-hidden=\"true\" class=\"fas fa-search\"><\/i>\t\t\t\t\t\t\t<span class=\"elementor-screen-only\">Cerca<\/span>\n\t\t\t\t\t\t<\/div>\n\t\t\t\t\t\n\t\t\t\t\t<input id=\"elementor-search-form-065a682\" placeholder=\"Cerca...\" class=\"elementor-search-form__input\" type=\"search\" name=\"s\" value=\"\">\n\t\t\t\t\t\n\t\t\t\t\t\n\t\t\t\t\t\t\t\t\t<\/div>\n\t\t\t<\/form>\n\t\t<\/search>\n\t\t\t\t\t\t<\/div>\n\t\t\t\t<\/div>\n\t\t\t\t<div class=\"elementor-element elementor-element-55c82fb elementor-widget elementor-widget-template\" data-id=\"55c82fb\" data-element_type=\"widget\" data-e-type=\"widget\" data-widget_type=\"template.default\">\n\t\t\t\t<div class=\"elementor-widget-container\">\n\t\t\t\t\t\t\t<div class=\"elementor-template\">\n\t\t\t\t\t<div data-elementor-type=\"page\" data-elementor-id=\"17899\" class=\"elementor elementor-17899\" data-elementor-post-type=\"elementor_library\">\n\t\t\t\t\t\t<section class=\"elementor-section elementor-top-section elementor-element elementor-element-c506ab5 elementor-section-boxed elementor-section-height-default elementor-section-height-default\" data-id=\"c506ab5\" data-element_type=\"section\" data-e-type=\"section\">\n\t\t\t\t\t\t<div class=\"elementor-container elementor-column-gap-default\">\n\t\t\t\t\t<div class=\"elementor-column elementor-col-100 elementor-top-column elementor-element elementor-element-81fb45c\" data-id=\"81fb45c\" data-element_type=\"column\" data-e-type=\"column\">\n\t\t\t<div class=\"elementor-widget-wrap elementor-element-populated\">\n\t\t\t\t\t\t<section class=\"elementor-section elementor-inner-section elementor-element elementor-element-55856a2 elementor-section-boxed elementor-section-height-default elementor-section-height-default\" data-id=\"55856a2\" data-element_type=\"section\" data-e-type=\"section\" data-settings=\"{&quot;background_background&quot;:&quot;classic&quot;}\">\n\t\t\t\t\t\t<div class=\"elementor-container elementor-column-gap-default\">\n\t\t\t\t\t<div class=\"elementor-column elementor-col-100 elementor-inner-column elementor-element elementor-element-174fdd8\" data-id=\"174fdd8\" data-element_type=\"column\" data-e-type=\"column\">\n\t\t\t<div class=\"elementor-widget-wrap elementor-element-populated\">\n\t\t\t\t\t\t<div class=\"elementor-element elementor-element-2d11e2d elementor-widget elementor-widget-heading\" data-id=\"2d11e2d\" data-element_type=\"widget\" data-e-type=\"widget\" data-widget_type=\"heading.default\">\n\t\t\t\t<div class=\"elementor-widget-container\">\n\t\t\t\t\t<h5 class=\"elementor-heading-title elementor-size-default\">Iscriviti alla newsletter<\/h5>\t\t\t\t<\/div>\n\t\t\t\t<\/div>\n\t\t\t\t<div class=\"elementor-element elementor-element-b405ad1 elementor-widget elementor-widget-text-editor\" data-id=\"b405ad1\" data-element_type=\"widget\" data-e-type=\"widget\" data-widget_type=\"text-editor.default\">\n\t\t\t\t<div class=\"elementor-widget-container\">\n\t\t\t\t\t\t\t\t\t<p>E ricevi gli aggiornamenti periodici<\/p>\t\t\t\t\t\t\t\t<\/div>\n\t\t\t\t<\/div>\n\t\t\t\t<div class=\"elementor-element elementor-element-c7bfd4b elementor-button-align-stretch elementor-widget elementor-widget-form\" data-id=\"c7bfd4b\" data-element_type=\"widget\" data-e-type=\"widget\" data-settings=\"{&quot;step_next_label&quot;:&quot;Successivo&quot;,&quot;step_previous_label&quot;:&quot;Precedente&quot;,&quot;button_width&quot;:&quot;100&quot;,&quot;step_type&quot;:&quot;number_text&quot;,&quot;step_icon_shape&quot;:&quot;circle&quot;}\" data-widget_type=\"form.default\">\n\t\t\t\t<div class=\"elementor-widget-container\">\n\t\t\t\t\t\t\t<form class=\"elementor-form\" method=\"post\" name=\"Newsletter\" aria-label=\"Newsletter\">\n\t\t\t<input type=\"hidden\" name=\"post_id\" value=\"17899\"\/>\n\t\t\t<input type=\"hidden\" name=\"form_id\" value=\"c7bfd4b\"\/>\n\t\t\t<input type=\"hidden\" name=\"referer_title\" value=\"Chi Cosa e Perch\u00e9 - Nuovi Lavori\" \/>\n\n\t\t\t\t\t\t\t<input type=\"hidden\" name=\"queried_id\" value=\"17919\"\/>\n\t\t\t\n\t\t\t<div class=\"elementor-form-fields-wrapper elementor-labels-\">\n\t\t\t\t\t\t\t\t<div class=\"elementor-field-type-email elementor-field-group elementor-column elementor-field-group-email elementor-col-100 elementor-field-required\">\n\t\t\t\t\t\t\t\t\t\t\t\t<label for=\"form-field-email\" class=\"elementor-field-label elementor-screen-only\">\n\t\t\t\t\t\t\t\temail\t\t\t\t\t\t\t<\/label>\n\t\t\t\t\t\t\t\t\t\t\t\t\t\t<input size=\"1\" type=\"email\" name=\"form_fields[email]\" id=\"form-field-email\" class=\"elementor-field elementor-size-sm  elementor-field-textual\" placeholder=\"Email\" required=\"required\">\n\t\t\t\t\t\t\t\t\t\t\t<\/div>\n\t\t\t\t\t\t\t\t<div class=\"elementor-field-type-acceptance elementor-field-group elementor-column elementor-field-group-field_0aa5335 elementor-col-100 elementor-field-required\">\n\t\t\t\t\t\t\t\t\t\t\t\t<label for=\"form-field-field_0aa5335\" class=\"elementor-field-label elementor-screen-only\">\n\t\t\t\t\t\t\t\tPrivacy\t\t\t\t\t\t\t<\/label>\n\t\t\t\t\t\t\t\t<div class=\"elementor-field-subgroup\">\n\t\t\t<span class=\"elementor-field-option\">\n\t\t\t\t<input type=\"checkbox\" name=\"form_fields[field_0aa5335]\" id=\"form-field-field_0aa5335\" class=\"elementor-field elementor-size-sm  elementor-acceptance-field\" required=\"required\">\n\t\t\t\t<label for=\"form-field-field_0aa5335\"><span style=\"font-size:13px;\">Procedendo accetti la<a target=\"_blank\" href=\"https:\/\/nuovi-lavori.it\/index.php\/privacy-policy\/\"> Privacy Policy<\/a><\/label>\t\t\t<\/span>\n\t\t<\/div>\n\t\t\t\t\t\t<\/div>\n\t\t\t\t\t\t\t\t<div class=\"elementor-field-type-recaptcha_v3 elementor-field-group elementor-column elementor-field-group-field_ea14272 elementor-col-100 recaptcha_v3-bottomleft\">\n\t\t\t\t\t<div class=\"elementor-field\" id=\"form-field-field_ea14272\"><div class=\"elementor-g-recaptcha\" data-sitekey=\"6LfpoKAhAAAAAHU2ckfrx1sYSLVm57zYA4yxHGzq\" data-type=\"v3\" data-action=\"Form\" data-badge=\"bottomleft\" data-size=\"invisible\"><\/div><\/div>\t\t\t\t<\/div>\n\t\t\t\t\t\t\t\t<div class=\"elementor-field-group elementor-column elementor-field-type-submit elementor-col-100 e-form__buttons\">\n\t\t\t\t\t<button class=\"elementor-button elementor-size-md\" type=\"submit\">\n\t\t\t\t\t\t<span class=\"elementor-button-content-wrapper\">\n\t\t\t\t\t\t\t\t\t\t\t\t\t\t\t\t\t\t\t\t\t\t<span class=\"elementor-button-text\">Iscrivimi<\/span>\n\t\t\t\t\t\t\t\t\t\t\t\t\t<\/span>\n\t\t\t\t\t<\/button>\n\t\t\t\t<\/div>\n\t\t\t<\/div>\n\t\t<\/form>\n\t\t\t\t\t\t<\/div>\n\t\t\t\t<\/div>\n\t\t\t\t\t<\/div>\n\t\t<\/div>\n\t\t\t\t\t<\/div>\n\t\t<\/section>\n\t\t\t\t\t<\/div>\n\t\t<\/div>\n\t\t\t\t\t<\/div>\n\t\t<\/section>\n\t\t\t\t<\/div>\n\t\t\t\t<\/div>\n\t\t\t\t\t\t<\/div>\n\t\t\t\t<\/div>\n\t\t\t\t\t<\/div>\n\t\t<\/div>\n\t\t\t\t\t<\/div>\n\t\t<\/section>\n\t\t\t\t<\/div>\n\t\t","protected":false},"excerpt":{"rendered":"<p>Chi Cosa e Perch\u00e9 Chi siamo Siamo un gruppo di persone largamente accomunate dalla volont\u00e0 di dare un contributo utile affinch\u00e8 il lavoro continui ad essere per tutti un fattore di dignit\u00e0 e benessere. Ciascuno di noi rappresenta s\u00e9 stesso, oltre che la storia e l\u2019impegno personali. I soci promotori dell\u2019Associazione Koin\u00e8 sono: Lea Battistoni, [&hellip;]<\/p>\n","protected":false},"author":1,"featured_media":0,"parent":17831,"menu_order":0,"comment_status":"closed","ping_status":"closed","template":"","meta":{"footnotes":""},"class_list":["post-17919","page","type-page","status-publish","hentry"],"yoast_head":"<!-- This site is optimized with the Yoast SEO plugin v27.2 - https:\/\/yoast.com\/product\/yoast-seo-wordpress\/ -->\n<title>Chi Cosa e Perch\u00e9 - Nuovi Lavori<\/title>\n<meta name=\"robots\" content=\"index, follow, max-snippet:-1, max-image-preview:large, max-video-preview:-1\" \/>\n<link rel=\"canonical\" href=\"https:\/\/nuovi-lavori.it\/index.php\/koine\/koine-chi-cosa-e-perche\/\" \/>\n<meta property=\"og:locale\" content=\"it_IT\" \/>\n<meta property=\"og:type\" content=\"article\" \/>\n<meta property=\"og:title\" content=\"Chi Cosa e Perch\u00e9 - Nuovi Lavori\" \/>\n<meta property=\"og:description\" content=\"Chi Cosa e Perch\u00e9 Chi siamo Siamo un gruppo di persone largamente accomunate dalla volont\u00e0 di dare un contributo utile affinch\u00e8 il lavoro continui ad essere per tutti un fattore di dignit\u00e0 e benessere. Ciascuno di noi rappresenta s\u00e9 stesso, oltre che la storia e l\u2019impegno personali. I soci promotori dell\u2019Associazione Koin\u00e8 sono: Lea Battistoni, [&hellip;]\" \/>\n<meta property=\"og:url\" content=\"https:\/\/nuovi-lavori.it\/index.php\/koine\/koine-chi-cosa-e-perche\/\" \/>\n<meta property=\"og:site_name\" content=\"Nuovi Lavori\" \/>\n<meta property=\"article:modified_time\" content=\"2022-11-30T12:09:40+00:00\" \/>\n<meta name=\"twitter:card\" content=\"summary_large_image\" \/>\n<meta name=\"twitter:label1\" content=\"Tempo di lettura stimato\" \/>\n\t<meta name=\"twitter:data1\" content=\"4 minuti\" \/>\n<script type=\"application\/ld+json\" class=\"yoast-schema-graph\">{\"@context\":\"https:\/\/schema.org\",\"@graph\":[{\"@type\":\"WebPage\",\"@id\":\"https:\/\/nuovi-lavori.it\/index.php\/koine\/koine-chi-cosa-e-perche\/\",\"url\":\"https:\/\/nuovi-lavori.it\/index.php\/koine\/koine-chi-cosa-e-perche\/\",\"name\":\"Chi Cosa e Perch\u00e9 - Nuovi Lavori\",\"isPartOf\":{\"@id\":\"https:\/\/nuovi-lavori.it\/#website\"},\"datePublished\":\"2022-11-30T12:05:27+00:00\",\"dateModified\":\"2022-11-30T12:09:40+00:00\",\"breadcrumb\":{\"@id\":\"https:\/\/nuovi-lavori.it\/index.php\/koine\/koine-chi-cosa-e-perche\/#breadcrumb\"},\"inLanguage\":\"it-IT\",\"potentialAction\":[{\"@type\":\"ReadAction\",\"target\":[\"https:\/\/nuovi-lavori.it\/index.php\/koine\/koine-chi-cosa-e-perche\/\"]}]},{\"@type\":\"BreadcrumbList\",\"@id\":\"https:\/\/nuovi-lavori.it\/index.php\/koine\/koine-chi-cosa-e-perche\/#breadcrumb\",\"itemListElement\":[{\"@type\":\"ListItem\",\"position\":1,\"name\":\"Home\",\"item\":\"https:\/\/nuovi-lavori.it\/\"},{\"@type\":\"ListItem\",\"position\":2,\"name\":\"Koin\u00e8\",\"item\":\"https:\/\/nuovi-lavori.it\/index.php\/koine\/\"},{\"@type\":\"ListItem\",\"position\":3,\"name\":\"Chi Cosa e Perch\u00e9\"}]},{\"@type\":\"WebSite\",\"@id\":\"https:\/\/nuovi-lavori.it\/#website\",\"url\":\"https:\/\/nuovi-lavori.it\/\",\"name\":\"Nuovi Lavori\",\"description\":\"\",\"publisher\":{\"@id\":\"https:\/\/nuovi-lavori.it\/#organization\"},\"potentialAction\":[{\"@type\":\"SearchAction\",\"target\":{\"@type\":\"EntryPoint\",\"urlTemplate\":\"https:\/\/nuovi-lavori.it\/?s={search_term_string}\"},\"query-input\":{\"@type\":\"PropertyValueSpecification\",\"valueRequired\":true,\"valueName\":\"search_term_string\"}}],\"inLanguage\":\"it-IT\"},{\"@type\":\"Organization\",\"@id\":\"https:\/\/nuovi-lavori.it\/#organization\",\"name\":\"Nuovi Lavori\",\"url\":\"https:\/\/nuovi-lavori.it\/\",\"logo\":{\"@type\":\"ImageObject\",\"inLanguage\":\"it-IT\",\"@id\":\"https:\/\/nuovi-lavori.it\/#\/schema\/logo\/image\/\",\"url\":\"http:\/\/5.249.146.118\/wp-content\/uploads\/2013\/11\/images_logonl.jpg\",\"contentUrl\":\"http:\/\/5.249.146.118\/wp-content\/uploads\/2013\/11\/images_logonl.jpg\",\"width\":400,\"height\":327,\"caption\":\"Nuovi Lavori\"},\"image\":{\"@id\":\"https:\/\/nuovi-lavori.it\/#\/schema\/logo\/image\/\"},\"sameAs\":[\"https:\/\/www.youtube.com\/user\/newsletteranl\"]}]}<\/script>\n<!-- \/ Yoast SEO plugin. -->","yoast_head_json":{"title":"Chi Cosa e Perch\u00e9 - Nuovi Lavori","robots":{"index":"index","follow":"follow","max-snippet":"max-snippet:-1","max-image-preview":"max-image-preview:large","max-video-preview":"max-video-preview:-1"},"canonical":"https:\/\/nuovi-lavori.it\/index.php\/koine\/koine-chi-cosa-e-perche\/","og_locale":"it_IT","og_type":"article","og_title":"Chi Cosa e Perch\u00e9 - Nuovi Lavori","og_description":"Chi Cosa e Perch\u00e9 Chi siamo Siamo un gruppo di persone largamente accomunate dalla volont\u00e0 di dare un contributo utile affinch\u00e8 il lavoro continui ad essere per tutti un fattore di dignit\u00e0 e benessere. Ciascuno di noi rappresenta s\u00e9 stesso, oltre che la storia e l\u2019impegno personali. I soci promotori dell\u2019Associazione Koin\u00e8 sono: Lea Battistoni, [&hellip;]","og_url":"https:\/\/nuovi-lavori.it\/index.php\/koine\/koine-chi-cosa-e-perche\/","og_site_name":"Nuovi Lavori","article_modified_time":"2022-11-30T12:09:40+00:00","twitter_card":"summary_large_image","twitter_misc":{"Tempo di lettura stimato":"4 minuti"},"schema":{"@context":"https:\/\/schema.org","@graph":[{"@type":"WebPage","@id":"https:\/\/nuovi-lavori.it\/index.php\/koine\/koine-chi-cosa-e-perche\/","url":"https:\/\/nuovi-lavori.it\/index.php\/koine\/koine-chi-cosa-e-perche\/","name":"Chi Cosa e Perch\u00e9 - Nuovi Lavori","isPartOf":{"@id":"https:\/\/nuovi-lavori.it\/#website"},"datePublished":"2022-11-30T12:05:27+00:00","dateModified":"2022-11-30T12:09:40+00:00","breadcrumb":{"@id":"https:\/\/nuovi-lavori.it\/index.php\/koine\/koine-chi-cosa-e-perche\/#breadcrumb"},"inLanguage":"it-IT","potentialAction":[{"@type":"ReadAction","target":["https:\/\/nuovi-lavori.it\/index.php\/koine\/koine-chi-cosa-e-perche\/"]}]},{"@type":"BreadcrumbList","@id":"https:\/\/nuovi-lavori.it\/index.php\/koine\/koine-chi-cosa-e-perche\/#breadcrumb","itemListElement":[{"@type":"ListItem","position":1,"name":"Home","item":"https:\/\/nuovi-lavori.it\/"},{"@type":"ListItem","position":2,"name":"Koin\u00e8","item":"https:\/\/nuovi-lavori.it\/index.php\/koine\/"},{"@type":"ListItem","position":3,"name":"Chi Cosa e Perch\u00e9"}]},{"@type":"WebSite","@id":"https:\/\/nuovi-lavori.it\/#website","url":"https:\/\/nuovi-lavori.it\/","name":"Nuovi Lavori","description":"","publisher":{"@id":"https:\/\/nuovi-lavori.it\/#organization"},"potentialAction":[{"@type":"SearchAction","target":{"@type":"EntryPoint","urlTemplate":"https:\/\/nuovi-lavori.it\/?s={search_term_string}"},"query-input":{"@type":"PropertyValueSpecification","valueRequired":true,"valueName":"search_term_string"}}],"inLanguage":"it-IT"},{"@type":"Organization","@id":"https:\/\/nuovi-lavori.it\/#organization","name":"Nuovi Lavori","url":"https:\/\/nuovi-lavori.it\/","logo":{"@type":"ImageObject","inLanguage":"it-IT","@id":"https:\/\/nuovi-lavori.it\/#\/schema\/logo\/image\/","url":"http:\/\/5.249.146.118\/wp-content\/uploads\/2013\/11\/images_logonl.jpg","contentUrl":"http:\/\/5.249.146.118\/wp-content\/uploads\/2013\/11\/images_logonl.jpg","width":400,"height":327,"caption":"Nuovi Lavori"},"image":{"@id":"https:\/\/nuovi-lavori.it\/#\/schema\/logo\/image\/"},"sameAs":["https:\/\/www.youtube.com\/user\/newsletteranl"]}]}},"_links":{"self":[{"href":"https:\/\/nuovi-lavori.it\/index.php\/wp-json\/wp\/v2\/pages\/17919","targetHints":{"allow":["GET"]}}],"collection":[{"href":"https:\/\/nuovi-lavori.it\/index.php\/wp-json\/wp\/v2\/pages"}],"about":[{"href":"https:\/\/nuovi-lavori.it\/index.php\/wp-json\/wp\/v2\/types\/page"}],"author":[{"embeddable":true,"href":"https:\/\/nuovi-lavori.it\/index.php\/wp-json\/wp\/v2\/users\/1"}],"replies":[{"embeddable":true,"href":"https:\/\/nuovi-lavori.it\/index.php\/wp-json\/wp\/v2\/comments?post=17919"}],"version-history":[{"count":34,"href":"https:\/\/nuovi-lavori.it\/index.php\/wp-json\/wp\/v2\/pages\/17919\/revisions"}],"predecessor-version":[{"id":17956,"href":"https:\/\/nuovi-lavori.it\/index.php\/wp-json\/wp\/v2\/pages\/17919\/revisions\/17956"}],"up":[{"embeddable":true,"href":"https:\/\/nuovi-lavori.it\/index.php\/wp-json\/wp\/v2\/pages\/17831"}],"wp:attachment":[{"href":"https:\/\/nuovi-lavori.it\/index.php\/wp-json\/wp\/v2\/media?parent=17919"}],"curies":[{"name":"wp","href":"https:\/\/api.w.org\/{rel}","templated":true}]}}